{"id":10222,"date":"2019-10-24T17:27:11","date_gmt":"2019-10-24T20:27:11","guid":{"rendered":"https:\/\/www.minhamulher.com\/?page_id=10222"},"modified":"2023-05-22T16:49:57","modified_gmt":"2023-05-22T19:49:57","slug":"ranking","status":"publish","type":"page","link":"https:\/\/www.minhamulher.com\/ranking","title":{"rendered":"Ranking de sites parceiros"},"content":{"rendered":"<p>Nosso ranking \u00e9 atualizado diariamente e \u00e9 formado por um sistema de pontos, que contabiliza as visitas enviadas e a qualidade das mesmas (taxa de rejei\u00e7\u00e3o), gerando os pontos e ranking, ou seja, visita de qualidade = melhor posi\u00e7\u00e3o no ranking.<\/p>\n<p><strong><a href=\"https:\/\/www.minhamulher.com\/parceria\/\">Quem ser nosso parceiro? Cadastre seu site aqui!<\/a><\/strong><\/p>\n<div id=\"parceiros\"><table class=\"table\"><tbody><tr><td><div class=\"user-info\"><div class=\"user-info__img\"><a href=\"https:\/\/www.vagabundasdoorkut.net\/\" rel=\"nofollow\" target=\"_blank\"><img decoding=\"async\" src=\"https:\/\/www.minhamulher.com\/wp-content\/uploads\/2020\/02\/10188.jpg\" alt=\"Vagabundas do Orkut\"><\/a><\/div><div class=\"user-info__basic\">1 <span class=\"arrow\">\u00bb<\/span> <a href=\"https:\/\/www.vagabundasdoorkut.net\/\" rel=\"nofollow\" target=\"_blank\">Vagabundas do Orkut<\/a><\/div><\/div><\/td><td>18<div>Visitas<\/div><\/td><\/tr><tr><td><div class=\"user-info\"><div class=\"user-info__img\"><a href=\"https:\/\/www.amadorasquentes.com\/\" rel=\"nofollow\" target=\"_blank\"><img decoding=\"async\" src=\"https:\/\/www.minhamulher.com\/wp-content\/uploads\/2020\/02\/amadorasquentes.jpg\" alt=\"Amadoras Quentes\"><\/a><\/div><div class=\"user-info__basic\">2 <span class=\"arrow\">\u00bb<\/span> <a href=\"https:\/\/www.amadorasquentes.com\/\" rel=\"nofollow\" target=\"_blank\">Amadoras Quentes<\/a><\/div><\/div><\/td><td>11<div>Visitas<\/div><\/td><\/tr><tr><td><div class=\"user-info\"><div class=\"user-info__img\"><a href=\"https:\/\/coroascaseiras.com\/\" rel=\"nofollow\" target=\"_blank\"><img decoding=\"async\" src=\"https:\/\/www.minhamulher.com\/wp-content\/uploads\/2025\/03\/banner-coroas-150x80-1.jpg\" alt=\"Coroas Caseiras\"><\/a><\/div><div class=\"user-info__basic\">3 <span class=\"arrow\">\u00bb<\/span> <a href=\"https:\/\/coroascaseiras.com\/\" rel=\"nofollow\" target=\"_blank\">Coroas Caseiras<\/a><\/div><\/div><\/td><td>7<div>Visitas<\/div><\/td><\/tr><tr><td><div class=\"user-info\"><div class=\"user-info__img\"><a href=\"https:\/\/www.soamadorasbr.com\/\" rel=\"nofollow\" target=\"_blank\"><img decoding=\"async\" src=\"https:\/\/www.minhamulher.com\/wp-content\/uploads\/2020\/01\/soamadorasbr.jpg\" alt=\"So Amadoras Br\"><\/a><\/div><div class=\"user-info__basic\">4 <span class=\"arrow\">\u00bb<\/span> <a href=\"https:\/\/www.soamadorasbr.com\/\" rel=\"nofollow\" target=\"_blank\">So Amadoras Br<\/a><\/div><\/div><\/td><td>7<div>Visitas<\/div><\/td><\/tr><tr><td><div class=\"user-info\"><div class=\"user-info__img\"><a href=\"https:\/\/www.fotoscaiunanet.com\/\" rel=\"nofollow\" target=\"_blank\"><img decoding=\"async\" src=\"https:\/\/www.minhamulher.com\/wp-content\/uploads\/2020\/02\/fotoscaiunanet.jpg\" alt=\"Fotos Caiu na Net\"><\/a><\/div><div class=\"user-info__basic\">5 <span class=\"arrow\">\u00bb<\/span> <a href=\"https:\/\/www.fotoscaiunanet.com\/\" rel=\"nofollow\" target=\"_blank\">Fotos Caiu na Net<\/a><\/div><\/div><\/td><td>5<div>Visitas<\/div><\/td><\/tr><tr><td><div class=\"user-info\"><div class=\"user-info__img\"><a href=\"https:\/\/www.socasadas.com\/\" rel=\"nofollow\" target=\"_blank\"><img decoding=\"async\" src=\"https:\/\/www.minhamulher.com\/wp-content\/uploads\/2021\/10\/socasadas.jpg\" alt=\"So Casadas\"><\/a><\/div><div class=\"user-info__basic\">6 <span class=\"arrow\">\u00bb<\/span> <a href=\"https:\/\/www.socasadas.com\/\" rel=\"nofollow\" target=\"_blank\">So Casadas<\/a><\/div><\/div><\/td><td>5<div>Visitas<\/div><\/td><\/tr><tr><td><div class=\"user-info\"><div class=\"user-info__img\"><a href=\"https:\/\/theporndude.com\/pt\" rel=\"nofollow\" target=\"_blank\"><img decoding=\"async\" src=\"https:\/\/www.minhamulher.com\/wp-content\/uploads\/2019\/11\/porndude.jpg\" alt=\"The Porn Dude\"><\/a><\/div><div class=\"user-info__basic\">7 <span class=\"arrow\">\u00bb<\/span> <a href=\"https:\/\/theporndude.com\/pt\" rel=\"nofollow\" target=\"_blank\">The Porn Dude<\/a><\/div><\/div><\/td><td>5<div>Visitas<\/div><\/td><\/tr><tr><td><div class=\"user-info\"><div class=\"user-info__img\"><a href=\"http:\/\/caiunanet.ws\/\" rel=\"nofollow\" target=\"_blank\"><img decoding=\"async\" src=\"https:\/\/www.minhamulher.com\/wp-content\/uploads\/2019\/10\/caiunanet120x60.jpg\" alt=\"Caiu na Net\"><\/a><\/div><div class=\"user-info__basic\">8 <span class=\"arrow\">\u00bb<\/span> <a href=\"http:\/\/caiunanet.ws\/\" rel=\"nofollow\" target=\"_blank\">Caiu na Net<\/a><\/div><\/div><\/td><td>4<div>Visitas<\/div><\/td><\/tr><tr><td><div class=\"user-info\"><div class=\"user-info__img\"><a href=\"https:\/\/www.gostosaseamadoras.com\/\" rel=\"nofollow\" target=\"_blank\"><img decoding=\"async\" src=\"https:\/\/www.minhamulher.com\/wp-content\/uploads\/2020\/01\/banner-gostosas.jpg\" alt=\"Gostosas e Amadoras\"><\/a><\/div><div class=\"user-info__basic\">9 <span class=\"arrow\">\u00bb<\/span> <a href=\"https:\/\/www.gostosaseamadoras.com\/\" rel=\"nofollow\" target=\"_blank\">Gostosas e Amadoras<\/a><\/div><\/div><\/td><td>4<div>Visitas<\/div><\/td><\/tr><tr><td><div class=\"user-info\"><div class=\"user-info__img\"><a href=\"https:\/\/kabinedasnovinhas.com\/\" rel=\"nofollow\" target=\"_blank\"><img decoding=\"async\" src=\"https:\/\/www.minhamulher.com\/wp-content\/uploads\/2020\/03\/51f8310ef08a2d67d83622640534cb93-3.png\" alt=\"Kabine Das Novinhas\"><\/a><\/div><div class=\"user-info__basic\">10 <span class=\"arrow\">\u00bb<\/span> <a href=\"https:\/\/kabinedasnovinhas.com\/\" rel=\"nofollow\" target=\"_blank\">Kabine Das Novinhas<\/a><\/div><\/div><\/td><td>3<div>Visitas<\/div><\/td><\/tr><tr><td><div class=\"user-info\"><div class=\"user-info__img\"><a href=\"https:\/\/nudes.blog.br\/\" rel=\"nofollow\" target=\"_blank\"><img decoding=\"async\" src=\"https:\/\/www.minhamulher.com\/wp-content\/uploads\/2021\/03\/banner-250x60-1.jpg\" alt=\"Nudes\"><\/a><\/div><div class=\"user-info__basic\">11 <span class=\"arrow\">\u00bb<\/span> <a href=\"https:\/\/nudes.blog.br\/\" rel=\"nofollow\" target=\"_blank\">Nudes<\/a><\/div><\/div><\/td><td>3<div>Visitas<\/div><\/td><\/tr><tr><td><div class=\"user-info\"><div class=\"user-info__img\"><a href=\"https:\/\/bucetagostosa.online\/\" rel=\"nofollow\" target=\"_blank\"><img decoding=\"async\" src=\"https:\/\/www.minhamulher.com\/wp-content\/uploads\/2025\/09\/buceta-gostosa-banner.jpg\" alt=\"Buceta Gostosa\"><\/a><\/div><div class=\"user-info__basic\">12 <span class=\"arrow\">\u00bb<\/span> <a href=\"https:\/\/bucetagostosa.online\/\" rel=\"nofollow\" target=\"_blank\">Buceta Gostosa<\/a><\/div><\/div><\/td><td>2<div>Visitas<\/div><\/td><\/tr><tr><td><div class=\"user-info\"><div class=\"user-info__img\"><a href=\"https:\/\/www.clipsporno.net\/\" rel=\"nofollow\" target=\"_blank\"><img decoding=\"async\" src=\"https:\/\/www.minhamulher.com\/wp-content\/uploads\/2020\/08\/banner-147x78-1.jpg\" alt=\"Clips Porno\"><\/a><\/div><div class=\"user-info__basic\">13 <span class=\"arrow\">\u00bb<\/span> <a href=\"https:\/\/www.clipsporno.net\/\" rel=\"nofollow\" target=\"_blank\">Clips Porno<\/a><\/div><\/div><\/td><td>2<div>Visitas<\/div><\/td><\/tr><tr><td><div class=\"user-info\"><div class=\"user-info__img\"><a href=\"https:\/\/mulhertransando.top\/\" rel=\"nofollow\" target=\"_blank\"><img decoding=\"async\" src=\"https:\/\/www.minhamulher.com\/wp-content\/uploads\/2025\/09\/Banner_2-1.jpg\" alt=\"Mulher Transando\"><\/a><\/div><div class=\"user-info__basic\">14 <span class=\"arrow\">\u00bb<\/span> <a href=\"https:\/\/mulhertransando.top\/\" rel=\"nofollow\" target=\"_blank\">Mulher Transando<\/a><\/div><\/div><\/td><td>1<div>Visitas<\/div><\/td><\/tr><\/tbody><\/table><\/div><center><nav id=\"nav-below\" class=\"paging-navigation\" aria-label=\"Archive Page\"><\/nav><\/center>\n","protected":false},"excerpt":{"rendered":"<p>Nosso ranking \u00e9 atualizado diariamente e \u00e9 formado por um sistema de pontos, que contabiliza as visitas enviadas e a qualidade das mesmas (taxa de rejei\u00e7\u00e3o), gerando os pontos e ranking, ou seja, visita de qualidade = melhor posi\u00e7\u00e3o no ranking. Quem ser nosso parceiro? Cadastre seu site aqui!<\/p>\n","protected":false},"author":1,"featured_media":0,"parent":0,"menu_order":0,"comment_status":"closed","ping_status":"closed","template":"","meta":{"_acf_changed":false,"footnotes":""},"class_list":["post-10222","page","type-page","status-publish","hentry"],"acf":[],"yoast_head":"<!-- This site is optimized with the Yoast SEO plugin v27.1.1 - https:\/\/yoast.com\/product\/yoast-seo-wordpress\/ -->\n<title>Ranking de sites parceiros - Minha Mulher<\/title>\n<meta name=\"description\" content=\"Nosso ranking \u00e9 atualizado diariamente e \u00e9 formado por um sistema de pontos, que contabiliza as visitas enviadas e a qualidade das mesmas (taxa de\" \/>\n<meta name=\"robots\" content=\"index, follow, max-snippet:-1, max-image-preview:large, max-video-preview:-1\" \/>\n<link rel=\"canonical\" href=\"https:\/\/www.minhamulher.com\/ranking\" \/>\n<meta name=\"twitter:card\" content=\"summary_large_image\" \/>\n<meta name=\"twitter:title\" content=\"Ranking de sites parceiros - Minha Mulher\" \/>\n<meta name=\"twitter:description\" content=\"Nosso ranking \u00e9 atualizado diariamente e \u00e9 formado por um sistema de pontos, que contabiliza as visitas enviadas e a qualidade das mesmas (taxa de\" \/>\n<meta name=\"twitter:site\" content=\"@minhamulher\" \/>\n<meta name=\"twitter:label1\" content=\"Est. tempo de leitura\" \/>\n\t<meta name=\"twitter:data1\" content=\"1 minuto\" \/>\n<script type=\"application\/ld+json\" class=\"yoast-schema-graph\">{\"@context\":\"https:\/\/schema.org\",\"@graph\":[{\"@type\":\"WebPage\",\"@id\":\"https:\/\/www.minhamulher.com\/ranking\",\"url\":\"https:\/\/www.minhamulher.com\/ranking\",\"name\":\"Ranking de sites parceiros - Minha Mulher\",\"isPartOf\":{\"@id\":\"https:\/\/www.minhamulher.com\/#website\"},\"datePublished\":\"2019-10-24T20:27:11+00:00\",\"dateModified\":\"2023-05-22T19:49:57+00:00\",\"description\":\"Nosso ranking \u00e9 atualizado diariamente e \u00e9 formado por um sistema de pontos, que contabiliza as visitas enviadas e a qualidade das mesmas (taxa de\",\"breadcrumb\":{\"@id\":\"https:\/\/www.minhamulher.com\/ranking#breadcrumb\"},\"inLanguage\":\"pt-BR\",\"potentialAction\":[{\"@type\":\"ReadAction\",\"target\":[\"https:\/\/www.minhamulher.com\/ranking\"]}]},{\"@type\":\"BreadcrumbList\",\"@id\":\"https:\/\/www.minhamulher.com\/ranking#breadcrumb\",\"itemListElement\":[{\"@type\":\"ListItem\",\"position\":1,\"name\":\"Home\",\"item\":\"https:\/\/www.minhamulher.com\/\"},{\"@type\":\"ListItem\",\"position\":2,\"name\":\"Ranking de sites parceiros\"}]},{\"@type\":\"WebSite\",\"@id\":\"https:\/\/www.minhamulher.com\/#website\",\"url\":\"https:\/\/www.minhamulher.com\/\",\"name\":\"Minha Mulher\",\"description\":\"Casadas hotwifes, cornos e casais liberais em busca de sexo, swing e menage.\",\"alternateName\":\"Hotwife Brasileiras\",\"potentialAction\":[{\"@type\":\"SearchAction\",\"target\":{\"@type\":\"EntryPoint\",\"urlTemplate\":\"https:\/\/www.minhamulher.com\/?s={search_term_string}\"},\"query-input\":{\"@type\":\"PropertyValueSpecification\",\"valueRequired\":true,\"valueName\":\"search_term_string\"}}],\"inLanguage\":\"pt-BR\"}]}<\/script>\n<!-- \/ Yoast SEO plugin. -->","yoast_head_json":{"title":"Ranking de sites parceiros - Minha Mulher","description":"Nosso ranking \u00e9 atualizado diariamente e \u00e9 formado por um sistema de pontos, que contabiliza as visitas enviadas e a qualidade das mesmas (taxa de","robots":{"index":"index","follow":"follow","max-snippet":"max-snippet:-1","max-image-preview":"max-image-preview:large","max-video-preview":"max-video-preview:-1"},"canonical":"https:\/\/www.minhamulher.com\/ranking","twitter_card":"summary_large_image","twitter_title":"Ranking de sites parceiros - Minha Mulher","twitter_description":"Nosso ranking \u00e9 atualizado diariamente e \u00e9 formado por um sistema de pontos, que contabiliza as visitas enviadas e a qualidade das mesmas (taxa de","twitter_site":"@minhamulher","twitter_misc":{"Est. tempo de leitura":"1 minuto"},"schema":{"@context":"https:\/\/schema.org","@graph":[{"@type":"WebPage","@id":"https:\/\/www.minhamulher.com\/ranking","url":"https:\/\/www.minhamulher.com\/ranking","name":"Ranking de sites parceiros - Minha Mulher","isPartOf":{"@id":"https:\/\/www.minhamulher.com\/#website"},"datePublished":"2019-10-24T20:27:11+00:00","dateModified":"2023-05-22T19:49:57+00:00","description":"Nosso ranking \u00e9 atualizado diariamente e \u00e9 formado por um sistema de pontos, que contabiliza as visitas enviadas e a qualidade das mesmas (taxa de","breadcrumb":{"@id":"https:\/\/www.minhamulher.com\/ranking#breadcrumb"},"inLanguage":"pt-BR","potentialAction":[{"@type":"ReadAction","target":["https:\/\/www.minhamulher.com\/ranking"]}]},{"@type":"BreadcrumbList","@id":"https:\/\/www.minhamulher.com\/ranking#breadcrumb","itemListElement":[{"@type":"ListItem","position":1,"name":"Home","item":"https:\/\/www.minhamulher.com\/"},{"@type":"ListItem","position":2,"name":"Ranking de sites parceiros"}]},{"@type":"WebSite","@id":"https:\/\/www.minhamulher.com\/#website","url":"https:\/\/www.minhamulher.com\/","name":"Minha Mulher","description":"Casadas hotwifes, cornos e casais liberais em busca de sexo, swing e menage.","alternateName":"Hotwife Brasileiras","potentialAction":[{"@type":"SearchAction","target":{"@type":"EntryPoint","urlTemplate":"https:\/\/www.minhamulher.com\/?s={search_term_string}"},"query-input":{"@type":"PropertyValueSpecification","valueRequired":true,"valueName":"search_term_string"}}],"inLanguage":"pt-BR"}]}},"_links":{"self":[{"href":"https:\/\/www.minhamulher.com\/wp-json\/wp\/v2\/pages\/10222","targetHints":{"allow":["GET"]}}],"collection":[{"href":"https:\/\/www.minhamulher.com\/wp-json\/wp\/v2\/pages"}],"about":[{"href":"https:\/\/www.minhamulher.com\/wp-json\/wp\/v2\/types\/page"}],"author":[{"embeddable":true,"href":"https:\/\/www.minhamulher.com\/wp-json\/wp\/v2\/users\/1"}],"replies":[{"embeddable":true,"href":"https:\/\/www.minhamulher.com\/wp-json\/wp\/v2\/comments?post=10222"}],"version-history":[{"count":6,"href":"https:\/\/www.minhamulher.com\/wp-json\/wp\/v2\/pages\/10222\/revisions"}],"predecessor-version":[{"id":11018,"href":"https:\/\/www.minhamulher.com\/wp-json\/wp\/v2\/pages\/10222\/revisions\/11018"}],"wp:attachment":[{"href":"https:\/\/www.minhamulher.com\/wp-json\/wp\/v2\/media?parent=10222"}],"curies":[{"name":"wp","href":"https:\/\/api.w.org\/{rel}","templated":true}]}}